{"id":8,"date":"2022-03-03T18:10:00","date_gmt":"2022-03-03T17:10:00","guid":{"rendered":"https:\/\/kgvweb.notfalladmin.de\/?page_id=8"},"modified":"2024-01-22T22:51:47","modified_gmt":"2024-01-22T21:51:47","slug":"start","status":"publish","type":"page","link":"https:\/\/kgvweb.notfalladmin.de\/","title":{"rendered":"HOME"},"content":{"rendered":"\n<div class=\"wp-block-cover\"><span aria-hidden=\"true\" class=\"wp-block-cover__background has-background-dim\"><\/span><img loading=\"lazy\" decoding=\"async\" width=\"1920\" height=\"1280\" class=\"wp-block-cover__image-background wp-image-17\" alt=\"\" src=\"https:\/\/kgvweb.notfalladmin.de\/wp-content\/uploads\/apples-gb6c52d59d_1920.jpg\" data-object-fit=\"cover\" srcset=\"https:\/\/kgvweb.notfalladmin.de\/wp-content\/uploads\/apples-gb6c52d59d_1920.jpg 1920w, https:\/\/kgvweb.notfalladmin.de\/wp-content\/uploads\/apples-gb6c52d59d_1920-300x200.jpg 300w, https:\/\/kgvweb.notfalladmin.de\/wp-content\/uploads\/apples-gb6c52d59d_1920-1024x683.jpg 1024w, https:\/\/kgvweb.notfalladmin.de\/wp-content\/uploads\/apples-gb6c52d59d_1920-768x512.jpg 768w, https:\/\/kgvweb.notfalladmin.de\/wp-content\/uploads\/apples-gb6c52d59d_1920-1536x1024.jpg 1536w\" sizes=\"auto, (max-width: 1920px) 100vw, 1920px\" \/><div class=\"wp-block-cover__inner-container is-layout-flow wp-block-cover-is-layout-flow\">\n<p class=\"has-text-align-center has-large-font-size\">Willkommen liebe Gartenfreunde!<\/p>\n\n\n\n<p class=\"has-text-align-center\"><strong>Die Welt geh\u00f6rt dem, der sie genie\u00dft. &nbsp;(Giacomo Leopardi)<\/strong><\/p>\n\n\n\n<h2 class=\"wp-block-heading has-text-align-center\"><strong>DERZEIT AUFNAHMESTOPP BIS 31.12.2024<\/strong><\/h2>\n<\/div><\/div>\n\n\n\n<div class=\"wp-block-cover is-light has-ast-global-color-8-color has-text-color has-link-color wp-elements-781cc91e8333bf7cf3b270fe27de490a\"><span aria-hidden=\"true\" class=\"wp-block-cover__background has-ast-global-color-5-background-color has-background-dim-20 has-background-dim\"><\/span><img loading=\"lazy\" decoding=\"async\" width=\"1920\" height=\"1271\" class=\"wp-block-cover__image-background wp-image-23\" alt=\"\" src=\"https:\/\/kgvweb.notfalladmin.de\/wp-content\/uploads\/wood-gcd14a1b6c_1920.jpg\" style=\"object-position:0% 100%\" data-object-fit=\"cover\" data-object-position=\"0% 100%\" srcset=\"https:\/\/kgvweb.notfalladmin.de\/wp-content\/uploads\/wood-gcd14a1b6c_1920.jpg 1920w, https:\/\/kgvweb.notfalladmin.de\/wp-content\/uploads\/wood-gcd14a1b6c_1920-300x199.jpg 300w, https:\/\/kgvweb.notfalladmin.de\/wp-content\/uploads\/wood-gcd14a1b6c_1920-1024x678.jpg 1024w, https:\/\/kgvweb.notfalladmin.de\/wp-content\/uploads\/wood-gcd14a1b6c_1920-768x508.jpg 768w, https:\/\/kgvweb.notfalladmin.de\/wp-content\/uploads\/wood-gcd14a1b6c_1920-1536x1017.jpg 1536w\" sizes=\"auto, (max-width: 1920px) 100vw, 1920px\" \/><div class=\"wp-block-cover__inner-container is-layout-flow wp-block-cover-is-layout-flow\">\n<p>Der Kleingarten soll der Erholung in der Natur dienen, und wie bereits seit fr\u00fcheren Zeiten, weiterhin den Anbau von Obst und Gem\u00fcse erm\u00f6glichen.<\/p>\n\n\n\n<p>Unser Verein wurde im Jahre 1928 gegr\u00fcndet und es bestehen Mitgliedschaften zum Landesverband Bayerischer Kleing\u00e4rtner e.V. und zum Bundesverband Deutscher Gartenfreunde e.V.<br>(weitere Informationen sind bei unseren &#8222;<a href=\"http:\/\/www.kleingartenverein-neu-ulm.de\/links.html\">Links<\/a>&#8220; zug\u00e4nglich)<\/p>\n\n\n\n<p>Sie erhalten auf dieser Seite alle Informationen, die f\u00fcr Sie als Kleing\u00e4rtner, oder angehender Kleing\u00e4rtner wichtig sind. Fragen wie z.B.<\/p>\n\n\n\n<p>\u00a0&#8211; wie erhalte ich einen <a href=\"http:\/\/www.kleingartenverein-neu-ulm.de\/files\/suchend.pdf\" target=\"_blank\" rel=\"noreferrer noopener\">Kleingarten <\/a>?<br>\u00a0&#8211; was ist hierbei zu beachten ? (<a href=\"http:\/\/www.kleingartenverein-neu-ulm.de\/files\/ordnung.pdf\" target=\"_blank\" rel=\"noreferrer noopener\">Gartenordnung <\/a>und <a href=\"http:\/\/www.kleingartenverein-neu-ulm.de\/files\/satzung.pdf\" target=\"_blank\" rel=\"noreferrer noopener\">Satzung<\/a>)<br>\u00a0&#8211; seit wann gibt es die Kleingartenanlagen ? (<a href=\"http:\/\/www.kleingartenverein-neu-ulm.de\/geschichte.html\">Entstehungsgeschichte <\/a>\/ Gr\u00fcndung )<br>\u00a0&#8211; gibt es Vereinsgastst\u00e4tten ? (&#8222;<a href=\"http:\/\/www.kleingartenverein-neu-ulm.de\/jakobsruhe.html\">Jakobsruhe<\/a>&#8220; und &#8222;<a href=\"http:\/\/www.kleingartenverein-neu-ulm.de\/done.html\">Done<\/a>&#8222;)<br>\u00a0&#8211; mit wem nehme ich bei Fragen <a href=\"http:\/\/www.kleingartenverein-neu-ulm.de\/kontakt.html\">Kontakt <\/a>auf ?<br>&#8211; Entsorgung Gr\u00fcngut im Wertstoffhof Neu-Ulm mit <a href=\"http:\/\/www.kleingartenverein-neu-ulm.de\/files\/Anliefgruen.pdf\" target=\"_blank\" rel=\"noreferrer noopener\">Anlieferungsschein<\/a> und Mitgliederausweis (f\u00fcr Kleing\u00e4rtner die au\u00dferhalb von Neu-Ulm wohnen)<\/p>\n\n\n\n<p>Zus\u00e4tzlich gibt es hier noch &#8222;allgemeine Infos&#8220; und &#8222;<a href=\"http:\/\/www.kleingartenverein-neu-ulm.de\/tips.html\">Tips<\/a>&#8220; f\u00fcr den Kleing\u00e4rtner.<\/p>\n\n\n\n<p><strong>Was ist ein Kleingarten und wie erhalte ich einen Kleingarten ?<\/strong><\/p>\n\n\n\n<p>Der Kleingarten dient zur nichterwerbs\u00e4tigen, g\u00e4rtnerischen Nutzung sowie zur Erholung und Freizeitgestaltung.<br>Die durchschnittliche Gr\u00f6\u00dfe betr\u00e4gt ca. 300 qm.<br>An Kosten wie Mitgliederbeitrag, Pacht und Nebenkosten fallen j\u00e4hrlich ca. 150,- \u20ac an.<br>Zus\u00e4tzlich muss bei \u00dcbergabe des Gartens eine Abl\u00f6se (die druch ein Sch\u00e4tzerteam ermittelt wird) an den Vorp\u00e4chter bezahlt werden.<\/p>\n\n\n\n<p>Der Verein verf\u00fcgt \u00fcber eine Satzung und Gartenordnung. Ausserdem gilt nat\u00fcrlich das <a href=\"https:\/\/www.gesetze-im-internet.de\/bkleingg\/index.html\" target=\"_blank\" rel=\"noreferrer noopener\">Bundeskleingartengesetz<\/a>.<\/p>\n\n\n\n<p>Wer einen Kleingarten pachten m\u00f6chte, muss Mitglied im Kleingartenverein sein bzw. werden.<\/p>\n\n\n\n<p>Haben Sie Interesse an einem Kleingarten, nehmen Sie doch einfach mit uns <a href=\"http:\/\/www.kleingartenverein-neu-ulm.de\/kontakt.html\">Kontakt <\/a>auf.<br>Dies ist m\u00f6glich \u00fcber unser Kontaktformular, oder noch besser vereinbaren Sie telefonisch einen Termin und besuchen uns w\u00e4hrend der B\u00fcrostunden in unserer Gesch\u00e4ftsstelle.<\/p>\n<\/div><\/div>\n\n\n\n<div class=\"wp-block-columns is-layout-flex wp-container-core-columns-is-layout-28f84493 wp-block-columns-is-layout-flex\">\n<div class=\"wp-block-column is-layout-flow wp-block-column-is-layout-flow\">\n<div class=\"wp-block-cover\"><span aria-hidden=\"true\" class=\"wp-block-cover__background has-background-dim\"><\/span><img loading=\"lazy\" decoding=\"async\" width=\"1920\" height=\"1440\" class=\"wp-block-cover__image-background wp-image-27\" alt=\"\" src=\"https:\/\/kgvweb.notfalladmin.de\/wp-content\/uploads\/thujenhecke-g952711975_1920.jpg\" data-object-fit=\"cover\" srcset=\"https:\/\/kgvweb.notfalladmin.de\/wp-content\/uploads\/thujenhecke-g952711975_1920.jpg 1920w, https:\/\/kgvweb.notfalladmin.de\/wp-content\/uploads\/thujenhecke-g952711975_1920-300x225.jpg 300w, https:\/\/kgvweb.notfalladmin.de\/wp-content\/uploads\/thujenhecke-g952711975_1920-1024x768.jpg 1024w, https:\/\/kgvweb.notfalladmin.de\/wp-content\/uploads\/thujenhecke-g952711975_1920-768x576.jpg 768w, https:\/\/kgvweb.notfalladmin.de\/wp-content\/uploads\/thujenhecke-g952711975_1920-1536x1152.jpg 1536w\" sizes=\"auto, (max-width: 1920px) 100vw, 1920px\" \/><div class=\"wp-block-cover__inner-container is-layout-flow wp-block-cover-is-layout-flow\">\n<p class=\"has-text-align-center has-large-font-size\">12<br>Anlagen<\/p>\n<\/div><\/div>\n<\/div>\n\n\n\n<div class=\"wp-block-column is-layout-flow wp-block-column-is-layout-flow\">\n<div class=\"wp-block-cover\"><span aria-hidden=\"true\" class=\"wp-block-cover__background has-background-dim\"><\/span><img loading=\"lazy\" decoding=\"async\" width=\"1920\" height=\"1048\" class=\"wp-block-cover__image-background wp-image-25\" alt=\"\" src=\"https:\/\/kgvweb.notfalladmin.de\/wp-content\/uploads\/bench-g43eb3de1a_1920.jpg\" data-object-fit=\"cover\" srcset=\"https:\/\/kgvweb.notfalladmin.de\/wp-content\/uploads\/bench-g43eb3de1a_1920.jpg 1920w, https:\/\/kgvweb.notfalladmin.de\/wp-content\/uploads\/bench-g43eb3de1a_1920-300x164.jpg 300w, https:\/\/kgvweb.notfalladmin.de\/wp-content\/uploads\/bench-g43eb3de1a_1920-1024x559.jpg 1024w, https:\/\/kgvweb.notfalladmin.de\/wp-content\/uploads\/bench-g43eb3de1a_1920-768x419.jpg 768w, https:\/\/kgvweb.notfalladmin.de\/wp-content\/uploads\/bench-g43eb3de1a_1920-1536x838.jpg 1536w\" sizes=\"auto, (max-width: 1920px) 100vw, 1920px\" \/><div class=\"wp-block-cover__inner-container is-layout-flow wp-block-cover-is-layout-flow\">\n<p class=\"has-text-align-center has-large-font-size\">\u00fcber 1000<br>Mitglieder<\/p>\n<\/div><\/div>\n<\/div>\n\n\n\n<div class=\"wp-block-column is-layout-flow wp-block-column-is-layout-flow\">\n<div class=\"wp-block-cover\"><span aria-hidden=\"true\" class=\"wp-block-cover__background has-background-dim\"><\/span><img loading=\"lazy\" decoding=\"async\" width=\"1920\" height=\"1440\" class=\"wp-block-cover__image-background wp-image-27\" alt=\"\" src=\"https:\/\/kgvweb.notfalladmin.de\/wp-content\/uploads\/thujenhecke-g952711975_1920.jpg\" data-object-fit=\"cover\" srcset=\"https:\/\/kgvweb.notfalladmin.de\/wp-content\/uploads\/thujenhecke-g952711975_1920.jpg 1920w, https:\/\/kgvweb.notfalladmin.de\/wp-content\/uploads\/thujenhecke-g952711975_1920-300x225.jpg 300w, https:\/\/kgvweb.notfalladmin.de\/wp-content\/uploads\/thujenhecke-g952711975_1920-1024x768.jpg 1024w, https:\/\/kgvweb.notfalladmin.de\/wp-content\/uploads\/thujenhecke-g952711975_1920-768x576.jpg 768w, https:\/\/kgvweb.notfalladmin.de\/wp-content\/uploads\/thujenhecke-g952711975_1920-1536x1152.jpg 1536w\" sizes=\"auto, (max-width: 1920px) 100vw, 1920px\" \/><div class=\"wp-block-cover__inner-container is-layout-flow wp-block-cover-is-layout-flow\">\n<p class=\"has-text-align-center has-large-font-size\">835<br>G\u00e4rten<\/p>\n<\/div><\/div>\n<\/div>\n<\/div>\n\n\n\n<p><\/p>\n\n\n\n<div class=\"wp-block-cover\"><span aria-hidden=\"true\" class=\"wp-block-cover__background has-background-dim-100 has-background-dim\" style=\"background-color:#0c6243\"><\/span><div class=\"wp-block-cover__inner-container is-layout-flow wp-block-cover-is-layout-flow\">\n\n\n<p class=\"has-text-align-center has-large-font-size\">B\u00fcrozeiten der Gesch\u00e4ftsstelle:<\/p>\n\n\n\n<p class=\"has-text-align-center has-large-font-size\"><br>Donnerstag 16.30 &#8211; 18.30 Uhr<\/p>\n<\/div><\/div>\n\n\n","protected":false},"excerpt":{"rendered":"","protected":false},"author":1,"featured_media":0,"parent":0,"menu_order":0,"comment_status":"closed","ping_status":"closed","template":"","meta":{"site-sidebar-layout":"default","site-content-layout":"default","ast-site-content-layout":"default","site-content-style":"default","site-sidebar-style":"default","ast-global-header-display":"","ast-banner-title-visibility":"","ast-main-header-display":"","ast-hfb-above-header-display":"","ast-hfb-below-header-display":"","ast-hfb-mobile-header-display":"","site-post-title":"disabled","ast-breadcrumbs-content":"","ast-featured-img":"","footer-sml-layout":"","theme-transparent-header-meta":"default","adv-header-id-meta":"","stick-header-meta":"","header-above-stick-meta":"","header-main-stick-meta":"","header-below-stick-meta":"","astra-migrate-meta-layouts":"set","ast-page-background-enabled":"default","ast-page-background-meta":{"desktop":{"background-color":"var(--ast-global-color-4)","background-image":"","background-repeat":"repeat","background-position":"center center","background-size":"auto","background-attachment":"scroll","background-type":"","background-media":"","overlay-type":"","overlay-color":"","overlay-opacity":"","overlay-gradient":""},"tablet":{"background-color":"","background-image":"","background-repeat":"repeat","background-position":"center center","background-size":"auto","background-attachment":"scroll","background-type":"","background-media":"","overlay-type":"","overlay-color":"","overlay-opacity":"","overlay-gradient":""},"mobile":{"background-color":"","background-image":"","background-repeat":"repeat","background-position":"center center","background-size":"auto","background-attachment":"scroll","background-type":"","background-media":"","overlay-type":"","overlay-color":"","overlay-opacity":"","overlay-gradient":""}},"ast-content-background-meta":{"desktop":{"background-color":"var(--ast-global-color-5)","background-image":"","background-repeat":"repeat","background-position":"center center","background-size":"auto","background-attachment":"scroll","background-type":"","background-media":"","overlay-type":"","overlay-color":"","overlay-opacity":"","overlay-gradient":""},"tablet":{"background-color":"var(--ast-global-color-5)","background-image":"","background-repeat":"repeat","background-position":"center center","background-size":"auto","background-attachment":"scroll","background-type":"","background-media":"","overlay-type":"","overlay-color":"","overlay-opacity":"","overlay-gradient":""},"mobile":{"background-color":"var(--ast-global-color-5)","background-image":"","background-repeat":"repeat","background-position":"center center","background-size":"auto","background-attachment":"scroll","background-type":"","background-media":"","overlay-type":"","overlay-color":"","overlay-opacity":"","overlay-gradient":""}},"footnotes":""},"class_list":["post-8","page","type-page","status-publish","hentry"],"_links":{"self":[{"href":"https:\/\/kgvweb.notfalladmin.de\/index.php?rest_route=\/wp\/v2\/pages\/8","targetHints":{"allow":["GET"]}}],"collection":[{"href":"https:\/\/kgvweb.notfalladmin.de\/index.php?rest_route=\/wp\/v2\/pages"}],"about":[{"href":"https:\/\/kgvweb.notfalladmin.de\/index.php?rest_route=\/wp\/v2\/types\/page"}],"author":[{"embeddable":true,"href":"https:\/\/kgvweb.notfalladmin.de\/index.php?rest_route=\/wp\/v2\/users\/1"}],"replies":[{"embeddable":true,"href":"https:\/\/kgvweb.notfalladmin.de\/index.php?rest_route=%2Fwp%2Fv2%2Fcomments&post=8"}],"version-history":[{"count":16,"href":"https:\/\/kgvweb.notfalladmin.de\/index.php?rest_route=\/wp\/v2\/pages\/8\/revisions"}],"predecessor-version":[{"id":122,"href":"https:\/\/kgvweb.notfalladmin.de\/index.php?rest_route=\/wp\/v2\/pages\/8\/revisions\/122"}],"wp:attachment":[{"href":"https:\/\/kgvweb.notfalladmin.de\/index.php?rest_route=%2Fwp%2Fv2%2Fmedia&parent=8"}],"curies":[{"name":"wp","href":"https:\/\/api.w.org\/{rel}","templated":true}]}}